{"id":364,"date":"2022-10-22T15:51:40","date_gmt":"2022-10-22T13:51:40","guid":{"rendered":"http:\/\/vsstpoelten-spratzern.ac.at\/wordpress?page_id=364"},"modified":"2023-01-24T11:53:54","modified_gmt":"2023-01-24T10:53:54","slug":"schulprofil","status":"publish","type":"page","link":"https:\/\/vsstpoelten-spratzern.ac.at\/wordpress\/schulprofil\/","title":{"rendered":""},"content":{"rendered":"\t\t<div data-elementor-type=\"wp-page\" data-elementor-id=\"364\" class=\"elementor elementor-364\">\n\t\t\t\t\t\t<section class=\"elementor-section elementor-top-section elementor-element elementor-element-b5ffadf elementor-section-boxed elementor-section-height-default elementor-section-height-default\" data-id=\"b5ffadf\" data-element_type=\"section\">\n\t\t\t\t\t\t<div class=\"elementor-container elementor-column-gap-default\">\n\t\t\t\t\t<div class=\"elementor-column elementor-col-100 elementor-top-column elementor-element elementor-element-7b181f20\" data-id=\"7b181f20\" data-element_type=\"column\">\n\t\t\t<div class=\"elementor-widget-wrap elementor-element-populated\">\n\t\t\t\t\t\t<div class=\"elementor-element elementor-element-f3ebec8 elementor-widget elementor-widget-spacer\" data-id=\"f3ebec8\" data-element_type=\"widget\" data-widget_type=\"spacer.default\">\n\t\t\t\t<div class=\"elementor-widget-container\">\n\t\t\t\t\t\t\t<div class=\"elementor-spacer\">\n\t\t\t<div class=\"elementor-spacer-inner\"><\/div>\n\t\t<\/div>\n\t\t\t\t\t\t<\/div>\n\t\t\t\t<\/div>\n\t\t\t\t<div class=\"elementor-element elementor-element-584c54e elementor-widget elementor-widget-heading\" data-id=\"584c54e\" data-element_type=\"widget\" data-widget_type=\"heading.default\">\n\t\t\t\t<div class=\"elementor-widget-container\">\n\t\t\t\t\t<h2 class=\"elementor-heading-title elementor-size-default\">Schulprofil<\/h2>\t\t\t\t<\/div>\n\t\t\t\t<\/div>\n\t\t\t\t<div class=\"elementor-element elementor-element-2723ad32 elementor-widget elementor-widget-text-editor\" data-id=\"2723ad32\" data-element_type=\"widget\" data-widget_type=\"text-editor.default\">\n\t\t\t\t<div class=\"elementor-widget-container\">\n\t\t\t\t\t\t\t\t\t<p><\/p>\n<p><\/p>\n<p><\/p>\n<p>Die Lehrerinnen der Volksschule St.P\u00f6lten-Spratzern sind bestrebt, den Kindern nicht nur eine gediegene Allgemeinbildung sondern auch soziale Kompetenzen wie H\u00f6flichkeit, Hilfsbereitschaft, R\u00fccksichtnahme, Verantwortungsgef\u00fchl, Leistungsbereitschaft, Selbstst\u00e4ndigkeit und Umwelt-und Friedenserziehung bestm\u00f6glich zu vermitteln: <br \/>Verschiedene Begabungen werden durch Differenzierung und Individualisierung im Unterricht beachtet. Die F\u00f6rderung und ebenso die Forderung der Sch\u00fcler und Sch\u00fclerinnen erfolgt sowohl im Unterricht als auch durch zus\u00e4tzlichen F\u00f6rder- und Forderunterricht. Sch\u00fcler mit nichtdeutscher Muttersprache erhalten zus\u00e4tzlichen Deutschunterricht, um sich rascher zurechtzufinden, sich besser ausdr\u00fccken und mitteilen zu k\u00f6nnen. Zur Freude am Singen und zur Vertiefung des Verst\u00e4ndnisses f\u00fcr Musik bietet<br \/>die Schule die unverbindliche \u00dcbung Chorgesang f\u00fcr Sch\u00fcler und Sch\u00fclerinnen aller Schulstufen an.<\/p>\n<h3 class=\"wp-block-heading\">Gesunde Volksschule:<\/h3>\n<p>Im Schuljahr 2015\/16 nahm die Volksschule Spratzern zum ersten Mal an dem Projekt \u201eGesunde Volksschule\u201c teil. Die \u00d6GK f\u00f6rdert durch dieses Netzwerk Angebote, die zu einem gesunden Schulumfeld f\u00fchren. Laufend setzt sich unsere Schule mit einer Reihe von Ma\u00dfnahmen auseinander:<\/p>\n<ul>\n<li style=\"list-style-type: none;\">\n<ul>\n<li>Gesunde Jause<\/li>\n<li>Apollonia Zahnprojekt<\/li>\n<li>Ugotchi<\/li>\n<li>Bewegungen an der frischen Luft<\/li>\n<li>Schwimmkurs<\/li>\n<li>Eislaufen<\/li>\n<li>bewegte Hofpausen<\/li>\n<li>u. v. m.<\/li>\n<\/ul>\n<\/li>\n<\/ul>\n<p>Es gibt verschiedene S\u00e4ulen der \u201eGesunden Volksschule\u201c, die die Schule ausw\u00e4hlt und absolviert:<\/p>\n<ul>\n<li>Ern\u00e4hrung<\/li>\n<li>Bewegung<\/li>\n<li>Psychosoziale Gesundheit<\/li>\n<li>Safer Internet<\/li>\n<\/ul>\n<h3>Schwerpunkte und F\u00f6rderkonzept:<\/h3>\n<p>Der F\u00f6rderunterricht erm\u00f6glicht inhaltlich und zeitlich begrenzte F\u00f6rderma\u00dfnahmen und soll grunds\u00e4tzlich allen Sch\u00fclerinnen und Sch\u00fclern zugutekommen. Er hat vor allem die Aufgabe, Lernschwierigkeiten und Lernl\u00fccken zu beheben, sodass die Kinder sichere Grundlagen f\u00fcr ihr Weiterlernen erhalten. Er bietet aber auch Gelegenheit, Kindern mit gr\u00f6\u00dferen Lernm\u00f6glichkeiten (Begabtenf\u00f6rderung) Anreize und Hilfen zu vermitteln, sich erweiterten Lernangeboten zu stellen oder sich intensiver mit bestimmten Aufgabenstellungen auseinander zu setzen. Richtschnur daf\u00fcr ist die folgende \u00dcberlegung:\u00a0<em>Jedes Kind ist anders. Jedes Kind lernt anders. Jedes Kind kann etwas Anderes. Jedes Kind hat andere Interessen.<\/em>\u00a0<\/p>\n<p><strong>Ziel des F\u00f6rderunterrichtes<\/strong>\u00a0ist es, der individuellen Leistungsf\u00e4higkeit sowie den Lernbed\u00fcrfnissen einzelner Kinder in allen F\u00e4chern und Lernbereichen gerecht zu werden. Unterschiedliche Interessen, Begabungen und Neigungen der Kinder werden miteinbezogen. Ein offener und abwechslungsreicher Unterricht bez\u00fcglich der Didaktik und Methodik unter der Voraussetzung sozialer Geborgenheit ist hierbei Grundlage. Der Einsatz von unterschiedlichen Lern-, Arbeits- und Spielmaterialien und die Nutzung unserer Computer erleichtern diese Zielsetzung.<\/p>\n<p>\u00a0<\/p>\n<p><\/p>\n<p><\/p>\n<p><\/p>\n<p><\/p>\t\t\t\t\t\t\t\t<\/div>\n\t\t\t\t<\/div>\n\t\t\t\t\t<\/div>\n\t\t<\/div>\n\t\t\t\t\t<\/div>\n\t\t<\/section>\n\t\t\t\t<\/div>\n\t\t","protected":false},"excerpt":{"rendered":"<p>Schulprofil Die Lehrerinnen der Volksschule St.P\u00f6lten-Spratzern sind bestrebt, den Kindern nicht nur eine gediegene Allgemeinbildung sondern auch soziale Kompetenzen wie H\u00f6flichkeit, Hilfsbereitschaft, R\u00fccksichtnahme, Verantwortungsgef\u00fchl, Leistungsbereitschaft, Selbstst\u00e4ndigkeit und Umwelt-und Friedenserziehung bestm\u00f6glich zu vermitteln: Verschiedene Begabungen werden durch Differenzierung und Individualisierung im Unterricht beachtet. Die F\u00f6rderung und ebenso die Forderung der Sch\u00fcler und Sch\u00fclerinnen erfolgt sowohl im [&hellip;]<\/p>\n","protected":false},"author":1,"featured_media":0,"parent":0,"menu_order":0,"comment_status":"closed","ping_status":"closed","template":"","meta":{"footnotes":""},"class_list":["post-364","page","type-page","status-publish","hentry"],"_links":{"self":[{"href":"https:\/\/vsstpoelten-spratzern.ac.at\/wordpress\/wp-json\/wp\/v2\/pages\/364","targetHints":{"allow":["GET"]}}],"collection":[{"href":"https:\/\/vsstpoelten-spratzern.ac.at\/wordpress\/wp-json\/wp\/v2\/pages"}],"about":[{"href":"https:\/\/vsstpoelten-spratzern.ac.at\/wordpress\/wp-json\/wp\/v2\/types\/page"}],"author":[{"embeddable":true,"href":"https:\/\/vsstpoelten-spratzern.ac.at\/wordpress\/wp-json\/wp\/v2\/users\/1"}],"replies":[{"embeddable":true,"href":"https:\/\/vsstpoelten-spratzern.ac.at\/wordpress\/wp-json\/wp\/v2\/comments?post=364"}],"version-history":[{"count":51,"href":"https:\/\/vsstpoelten-spratzern.ac.at\/wordpress\/wp-json\/wp\/v2\/pages\/364\/revisions"}],"predecessor-version":[{"id":1755,"href":"https:\/\/vsstpoelten-spratzern.ac.at\/wordpress\/wp-json\/wp\/v2\/pages\/364\/revisions\/1755"}],"wp:attachment":[{"href":"https:\/\/vsstpoelten-spratzern.ac.at\/wordpress\/wp-json\/wp\/v2\/media?parent=364"}],"curies":[{"name":"wp","href":"https:\/\/api.w.org\/{rel}","templated":true}]}}